{"id":528,"date":"2011-02-27T18:00:27","date_gmt":"2011-02-27T16:00:27","guid":{"rendered":"http:\/\/www.grundschule-dobel.de\/wp\/?page_id=528"},"modified":"2025-03-28T12:59:04","modified_gmt":"2025-03-28T11:59:04","slug":"projekte","status":"publish","type":"page","link":"http:\/\/www.grundschule-dobel.de\/wp\/projekte\/","title":{"rendered":"Downloadbereich"},"content":{"rendered":"\n<p><strong>Unsere Schulordnung<\/strong> &#8211; Stand November 2020 &#8211;&gt; <a rel=\"noreferrer noopener\" href=\"http:\/\/www.grundschule-dobel.de\/wp\/wp-content\/uploads\/2020\/11\/Schulordnung.pdf\" target=\"_blank\">herunterladen<\/a><\/p>\n\n\n\n<p>lnformation f\u00fcr Schulen und Kindertagesst\u00e4tten zu <strong>Entsch\u00e4digungsanspr\u00fcchen (&#8230;) im Fall von Schulschlie\u00dfungen oder Quarant\u00e4ne von Schulklassen<\/strong> bzw. Gruppen von Kindertageseinrichtungen &#8211;> <a href=\"http:\/\/www.grundschule-dobel.de\/wp\/wp-content\/uploads\/2020\/11\/Anlage-3-Informationen-fuer-Schulen-und-Kindertageseinrichtungen.pdf\">herunterladen<\/a><\/p>\n\n\n\n<p><strong>\u00dcbergang Kindergarten &#8211; Grundschule:<\/strong> <br>Reflexionsbogen f\u00fcr Kooperationslehrkr\u00e4fte: Beobachtungen und Dokumentation der Kompetenzen&nbsp;&#8211;&gt; <a rel=\"noreferrer noopener\" href=\"http:\/\/www.grundschule-dobel.de\/wp\/wp-content\/uploads\/2020\/11\/Reflexionsbogen-fuer-Kooperationslehrkraefte-Beobachtungen-und-Dokumentation-der-Kompetenzen.pdf\" target=\"_blank\">herunterladen<\/a><\/p>\n\n\n\n<p><\/p>\n\n\n<\/p>\n<div class=\"divider\">&nbsp;<\/div>","protected":false},"excerpt":{"rendered":"<div class=\"mh-excerpt\"><p>Unsere Schulordnung &#8211; Stand November 2020 &#8211;&gt; herunterladen lnformation f\u00fcr Schulen und Kindertagesst\u00e4tten zu Entsch\u00e4digungsanspr\u00fcchen (&#8230;) im Fall von Schulschlie\u00dfungen oder Quarant\u00e4ne von Schulklassen bzw. Gruppen von Kindertageseinrichtungen &#8211;> herunterladen \u00dcbergang Kindergarten &#8211; Grundschule: Reflexionsbogen <a class=\"mh-excerpt-more\" href=\"http:\/\/www.grundschule-dobel.de\/wp\/projekte\/\" title=\"Downloadbereich\">[&#8230;]<\/a><\/p>\n<\/div>","protected":false},"author":7,"featured_media":0,"parent":0,"menu_order":5,"comment_status":"closed","ping_status":"closed","template":"","meta":{"ngg_post_thumbnail":0,"footnotes":""},"class_list":["post-528","page","type-page","status-publish"],"_links":{"self":[{"href":"http:\/\/www.grundschule-dobel.de\/wp\/wp-json\/wp\/v2\/pages\/528","targetHints":{"allow":["GET"]}}],"collection":[{"href":"http:\/\/www.grundschule-dobel.de\/wp\/wp-json\/wp\/v2\/pages"}],"about":[{"href":"http:\/\/www.grundschule-dobel.de\/wp\/wp-json\/wp\/v2\/types\/page"}],"author":[{"embeddable":true,"href":"http:\/\/www.grundschule-dobel.de\/wp\/wp-json\/wp\/v2\/users\/7"}],"replies":[{"embeddable":true,"href":"http:\/\/www.grundschule-dobel.de\/wp\/wp-json\/wp\/v2\/comments?post=528"}],"version-history":[{"count":15,"href":"http:\/\/www.grundschule-dobel.de\/wp\/wp-json\/wp\/v2\/pages\/528\/revisions"}],"predecessor-version":[{"id":5238,"href":"http:\/\/www.grundschule-dobel.de\/wp\/wp-json\/wp\/v2\/pages\/528\/revisions\/5238"}],"wp:attachment":[{"href":"http:\/\/www.grundschule-dobel.de\/wp\/wp-json\/wp\/v2\/media?parent=528"}],"curies":[{"name":"wp","href":"https:\/\/api.w.org\/{rel}","templated":true}]}}